{"id":12,"date":"2012-09-04T03:52:03","date_gmt":"2012-09-03T21:52:03","guid":{"rendered":"http:\/\/abellaperea.com\/wordpress\/?page_id=12"},"modified":"2020-12-17T00:29:30","modified_gmt":"2020-12-16T18:29:30","slug":"abellaperea","status":"publish","type":"page","link":"http:\/\/abellaperea.com\/wordpress\/?page_id=12","title":{"rendered":"ABELLAPEREA"},"content":{"rendered":"<p><a href=\"https:\/\/abellaperea.com\/Porfolio\/Dossier-abellaperea%20arquitectos_10_2020.pdf\" target=\"_blank\" rel=\"noopener\">Descargar Porfolio pdf<\/a><\/p>\n<div style=\"width: 935px; float: left; height: 850px;\">\n<h2><strong>ABELLAPEREA<\/strong><\/h2>\n<p>Abellaperea arquitectos es creado por los arquitectos Sonsoles Abella Tor\u00e1n y Andr\u00e9s Perea Gil, en 2.003. Durante este periodo se han realizado m\u00faltiples colaboraciones con otros estudios de arquitectura, ingenier\u00eda y profesionales liberales, aportando un enriquecedor intercambio de ideas y conocimientos a los proyectos.<\/p>\n<p>El Estudio ha desarrollado gran diversidad de proyectos, abarcando trabajos con diferentes tipolog\u00edas y escalas urbanas, centrados principalmente en la realizaci\u00f3n de proyectos de arquitectura Residencial multifamiliar, Sanitaria, Ferroviaria y Planeamiento urban\u00edstico; obteniendo un amplio conocimiento en todos los campos investigados, tanto en la redacci\u00f3n de proyectos de nueva ejecuci\u00f3n, reformas y concursos, como en Supervisiones de Obra. Desde los comienzos de abellaperea arquitectos se mantiene una colaboraci\u00f3n profesional con el equipo de arquitectos de \u00abEstudios de Planeamiento y Arquitectura\u00bb, resaltando la ejecuci\u00f3n de proyectos y concursos de arquitectura Residencial colectiva, Centros de Salud y Hospitales.<\/p>\n<p>En 2009 comienza la colaboraci\u00f3n con INECO en la redacci\u00f3n de proyectos constructivos para Adif en el desarrollo de la L\u00ednea de Alta Velocidad nacional, entre los que destacamos: El edificio para el Centro de Regulaci\u00f3n y Control de la L\u00ednea de Alta Velocidad del Norte CRC en Le\u00f3n, La reforma de las Estaciones de Orense, Badajoz y Castell\u00f3n; y las naves de apoyo log\u00edstico de la L.A.V. del Norte, situadas en el t\u00fanel de Guadarrama entre Segovia y Madrid.<\/p>\n<p>En 2012 se inaugura sede en Lima &#8211; Per\u00fa, donde se han desarrollado de forma continuada proyectos, principalmente residencial multifamiliares para diferentes inmobiliarias locales y fondos de inversi\u00f3n internacionales. La visi\u00f3n y misi\u00f3n es poder aportar nuestros conocimientos en el desarrollo y crecimiento sostenible de las ciudades permitiendo dotar a las edificaciones de eficiencia y singularidad adaptados a cualquier tipolog\u00eda y entorno socioecon\u00f3mico.<\/p>\n<h2><strong>EQUIPO Y SERVICIOS<\/strong><\/h2>\n<p>El Equipo dispone de los medios f\u00edsicos y materiales que permiten el desarrollo de cualquier trabajo profesional de Arquitectura y Urbanismo, para lo que cuenta con la posibilidad de incorporar a otros profesionales, colaboradores habituales, en el campo de la Arquitectura, Ingenier\u00eda, Medio Ambiente, Socioeconom\u00eda, etc.<\/p>\n<div style=\"width: 935px; height: 10px; float: left;\"><strong style=\"color: inherit; font-size: 1em;\">QUIEN<\/strong><\/div>\n<div><\/div>\n<div><\/div>\n<div style=\"width: 935px; float: left;\">\n<div style=\"width: 530px; height: 400px; float: left;\">\n<div style=\"width: 220px; height: 340px; float: left;\">\n<ul>\n<li><strong>Arquitectos Redactores:<\/strong><\/li>\n<li style=\"padding-left: 8px;\">Andr\u00e9s Perea Gil<\/li>\n<li style=\"padding-left: 8px;\">Sonsoles Abella Tor\u00e1n<\/li>\n<li><strong>Arquitectos Colaboradores:<\/strong><\/li>\n<li>\u00a0 Javier C\u00e1ceres<\/li>\n<li>\u00a0 Jossy Chung<\/li>\n<li>\u00a0 Jimena Garc\u00eda<\/li>\n<li>\u00a0 Renata Sifuentes<\/li>\n<li style=\"padding-left: 8px;\">Alvaro Casado<\/li>\n<li style=\"padding-left: 8px;\">Guillermo Garc\u00eda-B.<\/li>\n<li style=\"padding-left: 8px;\">Gorka Calzada<\/li>\n<li style=\"padding-left: 8px;\">Israel Luengo<\/li>\n<li style=\"padding-left: 8px;\">Daniel Bajo<\/li>\n<li><strong>Colaboradores externos:<\/strong><\/li>\n<li>\u00a0 Patricia Alza<\/li>\n<li style=\"padding-left: 8px;\">Iv\u00e1n del Pozo<\/li>\n<li style=\"padding-left: 8px;\">Manuel Herrero<\/li>\n<li style=\"padding-left: 8px;\">Paco Abella<\/li>\n<\/ul>\n<\/div>\n<div style=\"width: 240px; height: 340px; float: left;\">\n<ul>\n<li><span style=\"color: #fff;\">&#8211;<\/span><\/li>\n<li><\/li>\n<li>Arquitecto<\/li>\n<li>Arquitecta<\/li>\n<li><\/li>\n<li><\/li>\n<li>Arquitecto<\/li>\n<li>Arquitecta<\/li>\n<li>Arquitecta<\/li>\n<li>Arquitecta<\/li>\n<li>Arquitecto<\/li>\n<li>Arquitecto<\/li>\n<li>Arquitecto<\/li>\n<li>Arquitecto<\/li>\n<li>Arquitecto<\/li>\n<li><span style=\"color: #fff;\">&#8211;<\/span><\/li>\n<li><\/li>\n<li>Arquitecta<\/li>\n<li>Ingeniero Teleco<\/li>\n<li>Ingeniero Industrial<\/li>\n<li>Dise\u00f1ador<\/li>\n<\/ul>\n<\/div>\n<\/div>\n<div style=\"width: 390px; height: 400px; float: left;\">\n<div style=\"width: 390px; height: 40px; float: left;\">\n<h5><strong>QUE<\/strong><\/h5>\n<ul>\n<li>Proyectos de Edificaci\u00f3n<\/li>\n<li>Supervisi\u00f3n de Obras<\/li>\n<li>Desarrollo de Planeamiento Urban\u00edstico<\/li>\n<li>Paisajismo<\/li>\n<li>Reformas y Rehabilitaciones<\/li>\n<li>Dise\u00f1o Interior y Mobiliario<\/li>\n<li>Implantaciones de Oficinas<\/li>\n<li>Licencias de Actividad<\/li>\n<li>Redacci\u00f3n de Informes periciales y Dict\u00e1menes<\/li>\n<\/ul>\n<\/div>\n<\/div>\n<\/div>\n<\/div>\n<div class=\"clearboth\"><\/div>\n","protected":false},"excerpt":{"rendered":"<p>Descargar Porfolio pdf ABELLAPEREA Abellaperea arquitectos es creado por los arquitectos Sonsoles Abella Tor\u00e1n y Andr\u00e9s Perea Gil, en 2.003. Durante este periodo se han realizado m\u00faltiples colaboraciones con otros&#8230; <a class=\"read-more\" href=\"http:\/\/abellaperea.com\/wordpress\/?page_id=12\">Read The Rest &rarr;<\/a><\/p>\n","protected":false},"author":1,"featured_media":0,"parent":0,"menu_order":0,"comment_status":"open","ping_status":"closed","template":"template-full-width.php","meta":{"footnotes":""},"class_list":["post-12","page","type-page","status-publish","hentry"],"aioseo_notices":[],"_links":{"self":[{"href":"http:\/\/abellaperea.com\/wordpress\/index.php?rest_route=\/wp\/v2\/pages\/12","targetHints":{"allow":["GET"]}}],"collection":[{"href":"http:\/\/abellaperea.com\/wordpress\/index.php?rest_route=\/wp\/v2\/pages"}],"about":[{"href":"http:\/\/abellaperea.com\/wordpress\/index.php?rest_route=\/wp\/v2\/types\/page"}],"author":[{"embeddable":true,"href":"http:\/\/abellaperea.com\/wordpress\/index.php?rest_route=\/wp\/v2\/users\/1"}],"replies":[{"embeddable":true,"href":"http:\/\/abellaperea.com\/wordpress\/index.php?rest_route=%2Fwp%2Fv2%2Fcomments&post=12"}],"version-history":[{"count":38,"href":"http:\/\/abellaperea.com\/wordpress\/index.php?rest_route=\/wp\/v2\/pages\/12\/revisions"}],"predecessor-version":[{"id":963,"href":"http:\/\/abellaperea.com\/wordpress\/index.php?rest_route=\/wp\/v2\/pages\/12\/revisions\/963"}],"wp:attachment":[{"href":"http:\/\/abellaperea.com\/wordpress\/index.php?rest_route=%2Fwp%2Fv2%2Fmedia&parent=12"}],"curies":[{"name":"wp","href":"https:\/\/api.w.org\/{rel}","templated":true}]}}